{"id":221,"date":"2025-11-14T14:18:14","date_gmt":"2025-11-14T13:18:14","guid":{"rendered":"https:\/\/meowcoffee.fr\/?page_id=221"},"modified":"2025-12-01T11:47:11","modified_gmt":"2025-12-01T10:47:11","slug":"fiche-de-noisette","status":"publish","type":"page","link":"https:\/\/meowcoffee.fr\/?page_id=221","title":{"rendered":"noisette"},"content":{"rendered":"\t\t<div data-elementor-type=\"wp-page\" data-elementor-id=\"221\" class=\"elementor elementor-221\" data-elementor-post-type=\"page\">\n\t\t\t\t<div class=\"elementor-element elementor-element-6638fe4 e-flex e-con-boxed e-con e-parent\" data-id=\"6638fe4\" data-element_type=\"container\">\n\t\t\t\t\t<div class=\"e-con-inner\">\n\t\t\t\t<div class=\"elementor-element elementor-element-56bcb53 elementor-widget elementor-widget-heading\" data-id=\"56bcb53\" data-element_type=\"widget\" data-widget_type=\"heading.default\">\n\t\t\t\t\t<h2 class=\"elementor-heading-title elementor-size-default\">Nos pensionnaires <\/h2>\t\t\t\t<\/div>\n\t\t\t\t\t<\/div>\n\t\t\t\t<\/div>\n\t\t<div class=\"elementor-element elementor-element-b20dbe2 e-flex e-con-boxed e-con e-parent\" data-id=\"b20dbe2\" data-element_type=\"container\">\n\t\t\t\t\t<div class=\"e-con-inner\">\n\t\t\t\t<div class=\"elementor-element elementor-element-218f3c0 elementor-widget elementor-widget-heading\" data-id=\"218f3c0\" data-element_type=\"widget\" data-widget_type=\"heading.default\">\n\t\t\t\t\t<h2 class=\"elementor-heading-title elementor-size-default\">Noisette <\/h2>\t\t\t\t<\/div>\n\t\t\t\t<div class=\"elementor-element elementor-element-aae99e8 elementor-widget elementor-widget-image\" data-id=\"aae99e8\" data-element_type=\"widget\" data-widget_type=\"image.default\">\n\t\t\t\t\t\t\t\t\t\t\t\t\t\t\t<img fetchpriority=\"high\" decoding=\"async\" width=\"800\" height=\"683\" src=\"https:\/\/meowcoffee.fr\/wp-content\/uploads\/2025\/11\/noisette-min-1024x874.png\" class=\"attachment-large size-large wp-image-31\" alt=\"img noisette\" srcset=\"https:\/\/meowcoffee.fr\/wp-content\/uploads\/2025\/11\/noisette-min-1024x874.png 1024w, https:\/\/meowcoffee.fr\/wp-content\/uploads\/2025\/11\/noisette-min-300x256.png 300w, https:\/\/meowcoffee.fr\/wp-content\/uploads\/2025\/11\/noisette-min-768x655.png 768w, https:\/\/meowcoffee.fr\/wp-content\/uploads\/2025\/11\/noisette-min.png 1064w\" sizes=\"(max-width: 800px) 100vw, 800px\" \/>\t\t\t\t\t\t\t\t\t\t\t\t\t\t\t<\/div>\n\t\t\t\t<div class=\"elementor-element elementor-element-888196a elementor-widget elementor-widget-text-editor\" data-id=\"888196a\" data-element_type=\"widget\" data-widget_type=\"text-editor.default\">\n\t\t\t\t\t\t\t\t\t<p>Noisette<\/p><p>Femelle<\/p><p>2 ans\u2028<\/p><p>Race : Crois\u00e9 Angora\/Persan\u2028<\/p><p>Surnom : La gloutonne<\/p><p>Noisette est une grande gourmande. Il faudras veiller \u00e0 surveiller sa nutrition. Elle aime jouer et appr\u00e9cie particuli\u00e8rement les jouets \u00e0 plumes ! Elle est la soeur de Praline. <\/p><p>Super pouvoir : R\u00e9clame de la nourriture en vous faisant les yeux doux. <\/p><p>Lieu de vie : Maison ou appartement<\/p>\t\t\t\t\t\t\t\t<\/div>\n\t\t\t\t<div class=\"elementor-element elementor-element-156ba61 elementor-icon-list--layout-traditional elementor-list-item-link-full_width elementor-widget elementor-widget-icon-list\" data-id=\"156ba61\" data-element_type=\"widget\" data-widget_type=\"icon-list.default\">\n\t\t\t\t\t\t\t<ul class=\"elementor-icon-list-items\">\n\t\t\t\t\t\t\t<li class=\"elementor-icon-list-item\">\n\t\t\t\t\t\t\t\t\t\t\t<span class=\"elementor-icon-list-icon\">\n\t\t\t\t\t\t\t<svg aria-hidden=\"true\" class=\"e-font-icon-svg e-fas-cat\" viewBox=\"0 0 512 512\" xmlns=\"http:\/\/www.w3.org\/2000\/svg\"><path d=\"M290.59 192c-20.18 0-106.82 1.98-162.59 85.95V192c0-52.94-43.06-96-96-96-17.67 0-32 14.33-32 32s14.33 32 32 32c17.64 0 32 14.36 32 32v256c0 35.3 28.7 64 64 64h176c8.84 0 16-7.16 16-16v-16c0-17.67-14.33-32-32-32h-32l128-96v144c0 8.84 7.16 16 16 16h32c8.84 0 16-7.16 16-16V289.86c-10.29 2.67-20.89 4.54-32 4.54-61.81 0-113.52-44.05-125.41-102.4zM448 96h-64l-64-64v134.4c0 53.02 42.98 96 96 96s96-42.98 96-96V32l-64 64zm-72 80c-8.84 0-16-7.16-16-16s7.16-16 16-16 16 7.16 16 16-7.16 16-16 16zm80 0c-8.84 0-16-7.16-16-16s7.16-16 16-16 16 7.16 16 16-7.16 16-16 16z\"><\/path><\/svg>\t\t\t\t\t\t<\/span>\n\t\t\t\t\t\t\t\t\t\t<span class=\"elementor-icon-list-text\">A tester<\/span>\n\t\t\t\t\t\t\t\t\t<\/li>\n\t\t\t\t\t\t\t\t<li class=\"elementor-icon-list-item\">\n\t\t\t\t\t\t\t\t\t\t\t<span class=\"elementor-icon-list-icon\">\n\t\t\t\t\t\t\t<svg aria-hidden=\"true\" class=\"e-font-icon-svg e-fas-dog\" viewBox=\"0 0 576 512\" xmlns=\"http:\/\/www.w3.org\/2000\/svg\"><path d=\"M298.06,224,448,277.55V496a16,16,0,0,1-16,16H368a16,16,0,0,1-16-16V384H192V496a16,16,0,0,1-16,16H112a16,16,0,0,1-16-16V282.09C58.84,268.84,32,233.66,32,192a32,32,0,0,1,64,0,32.06,32.06,0,0,0,32,32ZM544,112v32a64,64,0,0,1-64,64H448v35.58L320,197.87V48c0-14.25,17.22-21.39,27.31-11.31L374.59,64h53.63c10.91,0,23.75,7.92,28.62,17.69L464,96h64A16,16,0,0,1,544,112Zm-112,0a16,16,0,1,0-16,16A16,16,0,0,0,432,112Z\"><\/path><\/svg>\t\t\t\t\t\t<\/span>\n\t\t\t\t\t\t\t\t\t\t<span class=\"elementor-icon-list-text\">Oui<\/span>\n\t\t\t\t\t\t\t\t\t<\/li>\n\t\t\t\t\t\t\t\t<li class=\"elementor-icon-list-item\">\n\t\t\t\t\t\t\t\t\t\t\t<span class=\"elementor-icon-list-icon\">\n\t\t\t\t\t\t\t<svg aria-hidden=\"true\" class=\"e-font-icon-svg e-fas-baby\" viewBox=\"0 0 384 512\" xmlns=\"http:\/\/www.w3.org\/2000\/svg\"><path d=\"M192 160c44.2 0 80-35.8 80-80S236.2 0 192 0s-80 35.8-80 80 35.8 80 80 80zm-53.4 248.8l25.6-32-61.5-51.2L56.8 383c-11.4 14.2-11.7 34.4-.8 49l48 64c7.9 10.5 19.9 16 32 16 8.3 0 16.8-2.6 24-8 17.7-13.2 21.2-38.3 8-56l-29.4-39.2zm142.7-83.2l-61.5 51.2 25.6 32L216 448c-13.2 17.7-9.7 42.8 8 56 7.2 5.4 15.6 8 24 8 12.2 0 24.2-5.5 32-16l48-64c10.9-14.6 10.6-34.8-.8-49l-45.9-57.4zM376.7 145c-12.7-18.1-37.6-22.4-55.7-9.8l-40.6 28.5c-52.7 37-124.2 37-176.8 0L63 135.3C44.9 122.6 20 127 7.3 145-5.4 163.1-1 188 17 200.7l40.6 28.5c17 11.9 35.4 20.9 54.4 27.9V288h160v-30.8c19-7 37.4-16 54.4-27.9l40.6-28.5c18.1-12.8 22.4-37.7 9.7-55.8z\"><\/path><\/svg>\t\t\t\t\t\t<\/span>\n\t\t\t\t\t\t\t\t\t\t<span class=\"elementor-icon-list-text\">A tester<\/span>\n\t\t\t\t\t\t\t\t\t<\/li>\n\t\t\t\t\t\t<\/ul>\n\t\t\t\t\t\t<\/div>\n\t\t\t\t\t<\/div>\n\t\t\t\t<\/div>\n\t\t\t\t<\/div>\n\t\t","protected":false},"excerpt":{"rendered":"<p>Nos pensionnaires Noisette Noisette Femelle 2 ans\u2028 Race : Crois\u00e9 Angora\/Persan\u2028 Surnom : La gloutonne Noisette est une grande gourmande. Il faudras veiller \u00e0 surveiller sa nutrition. Elle aime jouer et appr\u00e9cie particuli\u00e8rement les jouets \u00e0 plumes ! Elle est la soeur de Praline. Super pouvoir : R\u00e9clame de la nourriture en vous faisant les [&hellip;]<\/p>\n","protected":false},"author":1,"featured_media":31,"parent":56,"menu_order":0,"comment_status":"closed","ping_status":"closed","template":"","meta":{"footnotes":""},"class_list":["post-221","page","type-page","status-publish","has-post-thumbnail","hentry"],"yoast_head":"<!-- This site is optimized with the Yoast SEO plugin v27.0 - https:\/\/yoast.com\/product\/yoast-seo-wordpress\/ -->\n<title>Fiche de Noisette<\/title>\n<meta name=\"description\" content=\"\u2028Noisette est une grande gourmande. Il faut surveiller sa nutrition. Elle aime jouer avec les jouets \u00e0 plumes ! Elle est la soeur de Praline.\" \/>\n<meta name=\"robots\" content=\"index, follow, max-snippet:-1, max-image-preview:large, max-video-preview:-1\" \/>\n<link rel=\"canonical\" href=\"https:\/\/meowcoffee.fr\/?page_id=221\" \/>\n<meta property=\"og:locale\" content=\"fr_FR\" \/>\n<meta property=\"og:type\" content=\"article\" \/>\n<meta property=\"og:title\" content=\"Fiche de Noisette\" \/>\n<meta property=\"og:description\" content=\"\u2028Noisette est une grande gourmande. Il faut surveiller sa nutrition. Elle aime jouer avec les jouets \u00e0 plumes ! Elle est la soeur de Praline.\" \/>\n<meta property=\"og:url\" content=\"https:\/\/meowcoffee.fr\/?page_id=221\" \/>\n<meta property=\"og:site_name\" content=\"Meow coffee\" \/>\n<meta property=\"article:modified_time\" content=\"2025-12-01T10:47:11+00:00\" \/>\n<meta property=\"og:image\" content=\"https:\/\/meowcoffee.fr\/wp-content\/uploads\/2025\/11\/noisette-min.png\" \/>\n\t<meta property=\"og:image:width\" content=\"1064\" \/>\n\t<meta property=\"og:image:height\" content=\"908\" \/>\n\t<meta property=\"og:image:type\" content=\"image\/png\" \/>\n<meta name=\"twitter:card\" content=\"summary_large_image\" \/>\n<meta name=\"twitter:label1\" content=\"Dur\u00e9e de lecture estim\u00e9e\" \/>\n\t<meta name=\"twitter:data1\" content=\"1 minute\" \/>\n<script type=\"application\/ld+json\" class=\"yoast-schema-graph\">{\"@context\":\"https:\/\/schema.org\",\"@graph\":[{\"@type\":\"WebPage\",\"@id\":\"https:\/\/meowcoffee.fr\/?page_id=221\",\"url\":\"https:\/\/meowcoffee.fr\/?page_id=221\",\"name\":\"Fiche de Noisette\",\"isPartOf\":{\"@id\":\"https:\/\/meowcoffee.fr\/#website\"},\"primaryImageOfPage\":{\"@id\":\"https:\/\/meowcoffee.fr\/?page_id=221#primaryimage\"},\"image\":{\"@id\":\"https:\/\/meowcoffee.fr\/?page_id=221#primaryimage\"},\"thumbnailUrl\":\"https:\/\/meowcoffee.fr\/wp-content\/uploads\/2025\/11\/noisette-min.png\",\"datePublished\":\"2025-11-14T13:18:14+00:00\",\"dateModified\":\"2025-12-01T10:47:11+00:00\",\"description\":\"\\u2028Noisette est une grande gourmande. Il faut surveiller sa nutrition. Elle aime jouer avec les jouets \u00e0 plumes ! Elle est la soeur de Praline.\",\"breadcrumb\":{\"@id\":\"https:\/\/meowcoffee.fr\/?page_id=221#breadcrumb\"},\"inLanguage\":\"fr-FR\",\"potentialAction\":[{\"@type\":\"ReadAction\",\"target\":[\"https:\/\/meowcoffee.fr\/?page_id=221\"]}]},{\"@type\":\"ImageObject\",\"inLanguage\":\"fr-FR\",\"@id\":\"https:\/\/meowcoffee.fr\/?page_id=221#primaryimage\",\"url\":\"https:\/\/meowcoffee.fr\/wp-content\/uploads\/2025\/11\/noisette-min.png\",\"contentUrl\":\"https:\/\/meowcoffee.fr\/wp-content\/uploads\/2025\/11\/noisette-min.png\",\"width\":1064,\"height\":908,\"caption\":\"img noisette\"},{\"@type\":\"BreadcrumbList\",\"@id\":\"https:\/\/meowcoffee.fr\/?page_id=221#breadcrumb\",\"itemListElement\":[{\"@type\":\"ListItem\",\"position\":1,\"name\":\"Accueil\",\"item\":\"https:\/\/meowcoffee.fr\/\"},{\"@type\":\"ListItem\",\"position\":2,\"name\":\"Pensionnaires\",\"item\":\"https:\/\/meowcoffee.fr\/?page_id=56\"},{\"@type\":\"ListItem\",\"position\":3,\"name\":\"noisette\"}]},{\"@type\":\"WebSite\",\"@id\":\"https:\/\/meowcoffee.fr\/#website\",\"url\":\"https:\/\/meowcoffee.fr\/\",\"name\":\"Meow coffee\",\"description\":\"\",\"publisher\":{\"@id\":\"https:\/\/meowcoffee.fr\/#organization\"},\"potentialAction\":[{\"@type\":\"SearchAction\",\"target\":{\"@type\":\"EntryPoint\",\"urlTemplate\":\"https:\/\/meowcoffee.fr\/?s={search_term_string}\"},\"query-input\":{\"@type\":\"PropertyValueSpecification\",\"valueRequired\":true,\"valueName\":\"search_term_string\"}}],\"inLanguage\":\"fr-FR\"},{\"@type\":\"Organization\",\"@id\":\"https:\/\/meowcoffee.fr\/#organization\",\"name\":\"Meow coffee\",\"url\":\"https:\/\/meowcoffee.fr\/\",\"logo\":{\"@type\":\"ImageObject\",\"inLanguage\":\"fr-FR\",\"@id\":\"https:\/\/meowcoffee.fr\/#\/schema\/logo\/image\/\",\"url\":\"https:\/\/meowcoffee.fr\/wp-content\/uploads\/2025\/11\/logo.svg\",\"contentUrl\":\"https:\/\/meowcoffee.fr\/wp-content\/uploads\/2025\/11\/logo.svg\",\"width\":684,\"height\":629,\"caption\":\"Meow coffee\"},\"image\":{\"@id\":\"https:\/\/meowcoffee.fr\/#\/schema\/logo\/image\/\"}}]}<\/script>\n<!-- \/ Yoast SEO plugin. -->","yoast_head_json":{"title":"Fiche de Noisette","description":"\u2028Noisette est une grande gourmande. Il faut surveiller sa nutrition. Elle aime jouer avec les jouets \u00e0 plumes ! Elle est la soeur de Praline.","robots":{"index":"index","follow":"follow","max-snippet":"max-snippet:-1","max-image-preview":"max-image-preview:large","max-video-preview":"max-video-preview:-1"},"canonical":"https:\/\/meowcoffee.fr\/?page_id=221","og_locale":"fr_FR","og_type":"article","og_title":"Fiche de Noisette","og_description":"\u2028Noisette est une grande gourmande. Il faut surveiller sa nutrition. Elle aime jouer avec les jouets \u00e0 plumes ! Elle est la soeur de Praline.","og_url":"https:\/\/meowcoffee.fr\/?page_id=221","og_site_name":"Meow coffee","article_modified_time":"2025-12-01T10:47:11+00:00","og_image":[{"width":1064,"height":908,"url":"https:\/\/meowcoffee.fr\/wp-content\/uploads\/2025\/11\/noisette-min.png","type":"image\/png"}],"twitter_card":"summary_large_image","twitter_misc":{"Dur\u00e9e de lecture estim\u00e9e":"1 minute"},"schema":{"@context":"https:\/\/schema.org","@graph":[{"@type":"WebPage","@id":"https:\/\/meowcoffee.fr\/?page_id=221","url":"https:\/\/meowcoffee.fr\/?page_id=221","name":"Fiche de Noisette","isPartOf":{"@id":"https:\/\/meowcoffee.fr\/#website"},"primaryImageOfPage":{"@id":"https:\/\/meowcoffee.fr\/?page_id=221#primaryimage"},"image":{"@id":"https:\/\/meowcoffee.fr\/?page_id=221#primaryimage"},"thumbnailUrl":"https:\/\/meowcoffee.fr\/wp-content\/uploads\/2025\/11\/noisette-min.png","datePublished":"2025-11-14T13:18:14+00:00","dateModified":"2025-12-01T10:47:11+00:00","description":"\u2028Noisette est une grande gourmande. Il faut surveiller sa nutrition. Elle aime jouer avec les jouets \u00e0 plumes ! Elle est la soeur de Praline.","breadcrumb":{"@id":"https:\/\/meowcoffee.fr\/?page_id=221#breadcrumb"},"inLanguage":"fr-FR","potentialAction":[{"@type":"ReadAction","target":["https:\/\/meowcoffee.fr\/?page_id=221"]}]},{"@type":"ImageObject","inLanguage":"fr-FR","@id":"https:\/\/meowcoffee.fr\/?page_id=221#primaryimage","url":"https:\/\/meowcoffee.fr\/wp-content\/uploads\/2025\/11\/noisette-min.png","contentUrl":"https:\/\/meowcoffee.fr\/wp-content\/uploads\/2025\/11\/noisette-min.png","width":1064,"height":908,"caption":"img noisette"},{"@type":"BreadcrumbList","@id":"https:\/\/meowcoffee.fr\/?page_id=221#breadcrumb","itemListElement":[{"@type":"ListItem","position":1,"name":"Accueil","item":"https:\/\/meowcoffee.fr\/"},{"@type":"ListItem","position":2,"name":"Pensionnaires","item":"https:\/\/meowcoffee.fr\/?page_id=56"},{"@type":"ListItem","position":3,"name":"noisette"}]},{"@type":"WebSite","@id":"https:\/\/meowcoffee.fr\/#website","url":"https:\/\/meowcoffee.fr\/","name":"Meow coffee","description":"","publisher":{"@id":"https:\/\/meowcoffee.fr\/#organization"},"potentialAction":[{"@type":"SearchAction","target":{"@type":"EntryPoint","urlTemplate":"https:\/\/meowcoffee.fr\/?s={search_term_string}"},"query-input":{"@type":"PropertyValueSpecification","valueRequired":true,"valueName":"search_term_string"}}],"inLanguage":"fr-FR"},{"@type":"Organization","@id":"https:\/\/meowcoffee.fr\/#organization","name":"Meow coffee","url":"https:\/\/meowcoffee.fr\/","logo":{"@type":"ImageObject","inLanguage":"fr-FR","@id":"https:\/\/meowcoffee.fr\/#\/schema\/logo\/image\/","url":"https:\/\/meowcoffee.fr\/wp-content\/uploads\/2025\/11\/logo.svg","contentUrl":"https:\/\/meowcoffee.fr\/wp-content\/uploads\/2025\/11\/logo.svg","width":684,"height":629,"caption":"Meow coffee"},"image":{"@id":"https:\/\/meowcoffee.fr\/#\/schema\/logo\/image\/"}}]}},"_links":{"self":[{"href":"https:\/\/meowcoffee.fr\/index.php?rest_route=\/wp\/v2\/pages\/221","targetHints":{"allow":["GET"]}}],"collection":[{"href":"https:\/\/meowcoffee.fr\/index.php?rest_route=\/wp\/v2\/pages"}],"about":[{"href":"https:\/\/meowcoffee.fr\/index.php?rest_route=\/wp\/v2\/types\/page"}],"author":[{"embeddable":true,"href":"https:\/\/meowcoffee.fr\/index.php?rest_route=\/wp\/v2\/users\/1"}],"replies":[{"embeddable":true,"href":"https:\/\/meowcoffee.fr\/index.php?rest_route=%2Fwp%2Fv2%2Fcomments&post=221"}],"version-history":[{"count":1,"href":"https:\/\/meowcoffee.fr\/index.php?rest_route=\/wp\/v2\/pages\/221\/revisions"}],"predecessor-version":[{"id":493,"href":"https:\/\/meowcoffee.fr\/index.php?rest_route=\/wp\/v2\/pages\/221\/revisions\/493"}],"up":[{"embeddable":true,"href":"https:\/\/meowcoffee.fr\/index.php?rest_route=\/wp\/v2\/pages\/56"}],"wp:featuredmedia":[{"embeddable":true,"href":"https:\/\/meowcoffee.fr\/index.php?rest_route=\/wp\/v2\/media\/31"}],"wp:attachment":[{"href":"https:\/\/meowcoffee.fr\/index.php?rest_route=%2Fwp%2Fv2%2Fmedia&parent=221"}],"curies":[{"name":"wp","href":"https:\/\/api.w.org\/{rel}","templated":true}]}}